{"id":1029,"date":"2024-08-13T20:38:47","date_gmt":"2024-08-13T18:38:47","guid":{"rendered":"https:\/\/bartalipizza.com\/politique-de-cookies\/"},"modified":"2024-10-09T12:20:25","modified_gmt":"2024-10-09T10:20:25","slug":"politique-de-cookies","status":"publish","type":"page","link":"https:\/\/bartalipizza.com\/fr\/politique-de-cookies\/","title":{"rendered":"Politique de cookies"},"content":{"rendered":"<p>[et_pb_section fb_built=\u00a0\u00bb1&Prime; theme_builder_area=\u00a0\u00bbpost_content\u00a0\u00bb _builder_version=\u00a0\u00bb4.27.0&Prime; _module_preset=\u00a0\u00bbdefault\u00a0\u00bb da_is_popup=\u00a0\u00bboff\u00a0\u00bb da_exit_intent=\u00a0\u00bboff\u00a0\u00bb da_has_close=\u00a0\u00bbon\u00a0\u00bb da_alt_close=\u00a0\u00bboff\u00a0\u00bb da_dark_close=\u00a0\u00bboff\u00a0\u00bb da_not_modal=\u00a0\u00bbon\u00a0\u00bb da_is_singular=\u00a0\u00bboff\u00a0\u00bb da_with_loader=\u00a0\u00bboff\u00a0\u00bb da_has_shadow=\u00a0\u00bbon\u00a0\u00bb da_disable_devices=\u00a0\u00bboff|off|off\u00a0\u00bb][et_pb_row _builder_version=\u00a0\u00bb4.27.0&Prime; _module_preset=\u00a0\u00bbdefault\u00a0\u00bb theme_builder_area=\u00a0\u00bbpost_content\u00a0\u00bb][et_pb_column _builder_version=\u00a0\u00bb4.27.0&Prime; _module_preset=\u00a0\u00bbdefault\u00a0\u00bb type=\u00a0\u00bb4_4&Prime; theme_builder_area=\u00a0\u00bbpost_content\u00a0\u00bb][et_pb_text _builder_version=\u00a0\u00bb4.27.0&Prime; _module_preset=\u00a0\u00bbdefault\u00a0\u00bb theme_builder_area=\u00a0\u00bbpost_content\u00a0\u00bb hover_enabled=\u00a0\u00bb0&Prime; sticky_enabled=\u00a0\u00bb0&Prime;]<\/p>\n<div id=\"formulario_datos\">\n<div class=\"widget-body\">\n<div class=\"widget-body row\">\n<div class=\"input-icon-text input-group col-xs-12 col-sm-12 pull-left\">\n<h4>Information G\u00e9n\u00e9rale des cookies<\/h4>\n<p>La confiance de l&rsquo;utilisateur est importante pour nous, et par cons\u00e9quent, en<span>\u00a0<\/span><strong>BARTALI PIZZA,S.L.<\/strong><span>\u00a0<\/span>Il nous soucie prot\u00e9ger son caract\u00e8re priv\u00e9. Un aspect important de ceci est lui fournir toute l&rsquo;information possible sur comment nous utilisons tes donn\u00e9es de caract\u00e8re personnel, m\u00eame comment nous utilisons l&#8217;emmagasinage local de donn\u00e9es et technologie similaire<\/p>\n<p>L&#8217;emmagasinage local de donn\u00e9es implique stocker des diff\u00e9rents types de donn\u00e9es localement dans son dispositif \u00e0 travers son navigateur web. Les donn\u00e9es stock\u00e9es localement peuvent, par exemple, contenir la configuration de l&rsquo;utilisateur, information sur comment navigue par notre endroit web, quel navigateur web utilise, quels annonces se sont montr\u00e9s, et le comportement similaire en des endroits web avec lesquels nous collaborons. Les donn\u00e9es stock\u00e9es localement peuvent \u00eatre utilis\u00e9s pour personalizar le contenu et les fonctions dans nos services de sorte que ses visites soient plus confortables et aient plus senti.<\/p>\n<p>Un m\u00e9thode d&#8217;emmagasinage local de donn\u00e9es ils sont les cookies. Les cookies sont des petites archives de texte qu&rsquo;ils se stockent dans son dispositif (PC, t\u00e9l\u00e9phone mobile ou tableta) que nous permettent reconna\u00eetre son navigateur web. Les cookies contiennent information principalement sur son navigateur web et sur n&rsquo;importe quelle activit\u00e9 que s&rsquo;est produit en il. Ils nous aident \u00e0 garantir la s\u00e9curit\u00e9 et le fonctionnement optimal de notre endroit web, une fois sort de notre web celles-ci sont \u00e9limin\u00e9es (cookies de s\u00e9curit\u00e9 et cookies de s\u00e9ance) et ils ramassent information sur les produits que leur int\u00e9ressent \u00e0 nos visites d&rsquo;internet et sur comment naviguent \u00e0 travers notre endroit web pour que nos offres online soient plus attractives pour les utilisateurs (cookies de suivi).<\/p>\n<h4>Information compl\u00e9mentaire de la cookies<\/h4>\n<p>Nous utilisons l&#8217;emmagasinage local de donn\u00e9es pour une s\u00e9rie de fins, telles comme: nous permettre r\u00e9aliser nos services; t&rsquo;apporter contenu pertinent, personnalis\u00e9 lorsque tu visites nos endroits web; mesurer et analyser le trafic dans notre endroit web; am\u00e9liorer nos services; et diriger publicit\u00e9 sp\u00e9cifique. \u00c0 suite, ils s&rsquo;offrent plus de d\u00e9tails sur ces th\u00e8mes:<\/p>\n<ul>\n<ul>\n<li>Pour notre publicit\u00e9<\/li>\n<\/ul>\n<\/ul>\n<p>Nous utilisons l&#8217;emmagasinage local de donn\u00e9es en relation avec les activit\u00e9s publicitaires. Ceci nous permet savoir si et avec fr\u00e9quence l&rsquo;utilisateur a vu un annonce ou d\u00e9termin\u00e9 type d&rsquo;annonce, et combien temps fait qu&rsquo;il l&rsquo;a vu.<\/p>\n<p>nous aussi utilisons l&#8217;emmagasinage local de donn\u00e9es pour b\u00e2tir segments et groupes objectif avec des fins de marketing et pour diriger annonces sp\u00e9cifiques.<\/p>\n<ul>\n<ul>\n<li>Pour analyser et am\u00e9liorer nos services<\/li>\n<\/ul>\n<\/ul>\n<p>Nous utilisons des divers outils de mesure qu&rsquo;ils nous fournissent statistiques et analyses relatives \u00e0 nos services. Ces outils nous permettent reconna\u00eetre le navigateur web tout au long du temps et d\u00e9couvrir si l&rsquo;utilisateur a visit\u00e9 l&rsquo;endroit web ant\u00e9rieurement et si il est ainsi avec quelle fr\u00e9quence. Ces outils nous offrent la possibilit\u00e9 de remporter une vision g\u00e9n\u00e9rale de combien utilisateurs uniques nous avons et comment ils utilisent nos services.<\/p>\n<p>\u00c9galement, nous utilisons l&rsquo;information que nous avons ramass\u00e9 et analys\u00e9 pour d\u00e9velopper et am\u00e9liorer nos services; par exemple, en d\u00e9couvrant quels services ils g\u00e9n\u00e8rent beaucoup de trafic ou en voyant si un service est en train de fonctionner de fa\u00e7on optimale.<\/p>\n<ul>\n<ul>\n<li>Pour livrer et adapter les services \u00e0 son usage<\/li>\n<\/ul>\n<\/ul>\n<p>Il se requiert et il est n\u00e9cessaire l&#8217;emmagasinage local de donn\u00e9es afin de te permettre utiliser nos services, tels comme information sur sa configuration, qu&rsquo;il nous dit comment ils doivent se pr\u00e9senter les services dans ton navigateur web.<\/p>\n<p>nous aussi utilisons l&#8217;emmagasinage local de donn\u00e9es pour adapter nos services \u00e0 son usage le meilleur possible.<\/p>\n<h4>Gestion des cookies<\/h4>\n<p>Il peut desactivar les cookies ou configurer son navigateur pour qu&rsquo;il lui pr\u00e9vienne lorsqu&rsquo;ils t&rsquo;envoient un cookie.<\/p>\n<p>La configuration dans son navigateur web normalement montre une liste de tous les cookies qu&rsquo;ont \u00e9t\u00e9 stock\u00e9es pour lui fournir une vision g\u00e9n\u00e9rale et, si il le souhaite, pour \u00e9liminer les cookies ne souhait\u00e9s. Normalement, il peut indiquer qu&rsquo;il accepte l&#8217;emmagasinage de cookies des endroits web que visites ou de troisi\u00e8mes adh\u00e9rents \u00e0 des dits endroits web. il aussi peut choisir \u00eatre notifi\u00e9 chaque fois que se stocke un nouveau cookie. Il se lui fournit \u00e0 suite orientation sur comment faire ceci en diff\u00e9rentes navigateur web. Son navigateur web stocke normalement des cookies dans un dossier sp\u00e9cifique dans son disque dur, de sorte que puisse examiner aussi le contenu avec plus de d\u00e9tail.<\/p>\n<p>Pourtant, les cookies qui sont pr\u00e9sents dans l&rsquo;endroit web changent avec fr\u00e9quence, et ne tous les cookies sont \u00e9gaux d&rsquo;importants. Par cons\u00e9quent, si<span>\u00a0<\/span><strong>BARTALI PIZZA,S.L.<\/strong><span>\u00a0<\/span>Il change l&rsquo;usage des cookies de suivi, il se lui notifiera avec un message.<\/p>\n<p>\u00c9galement, il y a des disponibles services qu&rsquo;ils ont \u00e9t\u00e9 d\u00e9velopp\u00e9s sp\u00e9cialement pour fournir aux utilisateurs une liste actualis\u00e9e de cookies et autres m\u00e9canismes de suivi.<\/p>\n<p>Ayez en compte que si vous les desactiva, est possible que ne puisse pas amuser de toutes les fonctionnalit\u00e9s de notre endroit web<\/p>\n<p>\u00c0 suite, se lui pr\u00e9sente un compte rendu de comment les donn\u00e9es stock\u00e9es localement peuvent \u00eatre g\u00e9r\u00e9s en diff\u00e9rents navigateur web. Ayez en compte que ce proc\u00e8s peut changer et que les descriptions donn\u00e9es ici peuvent n&rsquo;\u00eatre actualis\u00e9es.<\/p>\n<h5>Gestion de cookies en Google Chrome<\/h5>\n<ul>\n<li>Comment \u00c9liminer des cookies:<\/li>\n<ol>\n<li>Il voit \u00e0 Configuration dans le menu de son navigateur.<\/li>\n<li>Fais clic en Montrer configuration devanc\u00e9e.<\/li>\n<li>Fais clic en \u00c9liminer donn\u00e9es de navigation.<\/li>\n<li>Il s\u00e9lectionne la p\u00e9riode de temps pour lequel tu souhaites \u00e9liminer l&rsquo;information dans le menu dans la part sup\u00e9rieure. Si tu souhaites \u00e9liminer tous les cookies dans le navigateur, fais clic en Depuis l&rsquo;origine des temps.<\/li>\n<li>Il marque des Cookies et autres donn\u00e9es d&rsquo;endroits et compl\u00e9ments.<\/li>\n<li>Fais clic en Effacer donn\u00e9es de navigation.<\/li>\n<li>Il ferme la fen\u00eatre.<\/li>\n<\/ol>\n<li>Comment \u00c9viter que les cookies se stockent dans le navigateur web:<\/li>\n<ol>\n<li>Il voit \u00e0 Configuration dans le menu de ton navigateur.<\/li>\n<li>Fais clic en Montrer configuration devanc\u00e9e et apr\u00e8s fais clic en Configuration de contenu.<\/li>\n<li>En des Cookies, il s\u00e9lectionne ton option pr\u00e9f\u00e9r\u00e9e. Si il souhaite \u00e9viter que tous les cookies se stockent, faites clic en Ne permettre qu&rsquo;ils se gardent des donn\u00e9es des endroits.<\/li>\n<li>Fais clic en Fait.<\/li>\n<li>Il ferme la fen\u00eatre.<\/li>\n<\/ol>\n<\/ul>\n<h5>Gestion de cookies en Safari<\/h5>\n<ul>\n<li>Comment \u00c9liminer des cookies:<\/li>\n<ol>\n<li>Aller \u00e0 des Pr\u00e9f\u00e9rences dans le menu de son navigateur.<\/li>\n<li>Fais clic dans le cil Caract\u00e8re priv\u00e9.<\/li>\n<li>Fais clic en \u00c9liminer toutes les donn\u00e9es des endroits web et apr\u00e8s fais clic en \u00c9liminer pour \u00e9liminer tous les cookies.<\/li>\n<li>Il ferme la fen\u00eatre.<\/li>\n<\/ol>\n<li>Comment \u00c9viter que les cookies se stockent dans son navigateur web:<\/li>\n<ol>\n<li>Aller \u00e0 des Pr\u00e9f\u00e9rences dans le menu de ton navigateur<\/li>\n<li>Fais clic dans le cil Caract\u00e8re priv\u00e9.<\/li>\n<li>En des Cookies et des donn\u00e9es d&rsquo;endroits web il s\u00e9lectionne ton option pr\u00e9f\u00e9r\u00e9e. Si tu souhaites \u00e9viter que tous les cookies se stockent, fais clic en Bloquer toujours.<\/li>\n<li>Il ferme la fen\u00eatre.<\/li>\n<\/ol>\n<\/ul>\n<h5>Gestion de cookies en Mozilla Firefox<\/h5>\n<ul>\n<li>Comment \u00c9liminer des cookies:<\/li>\n<ol>\n<li>Aller \u00e0 des Options dans le menu de son navigateur.<\/li>\n<li>Fais clic dans le cil Caract\u00e8re priv\u00e9.<\/li>\n<li>Fais clic en Montrer cookies.<\/li>\n<li>Il s\u00e9lectionne les cookies que tu souhaites \u00e9liminer et fais clic en \u00c9liminer s\u00e9lectionn\u00e9es. Fais clic en \u00c9liminer toutes si tu souhaites \u00e9liminer tous les cookies dans ton navigateur web.<\/li>\n<li>Il ferme la fen\u00eatre. N&rsquo;importe quel changement que tu aies fait se gardera automatiquement.<\/li>\n<\/ol>\n<li>Comment \u00c9viter que les cookies se stockent dans ton navigateur web:<\/li>\n<ol>\n<li>Aller \u00e0 Configuration dans le menu de ton navigateur.<\/li>\n<li>Il s\u00e9lectionne le cil Caract\u00e8re priv\u00e9.<\/li>\n<li>En Historial, fais clic en User une configuration personnalis\u00e9e pour le historial.<\/li>\n<li>Il s\u00e9lectionne tes options pr\u00e9f\u00e9r\u00e9es en Permettre cookies d&rsquo;endroits web. Si tu souhaites \u00e9viter que tous les cookies se stockent, desactiva le casier Accepter des cookies d&rsquo;endroits web.<\/li>\n<li>Il ferme la fen\u00eatre. N&rsquo;importe quel changement que tu aies fait se gardera automatiquement.<\/li>\n<\/ol>\n<\/ul>\n<h5>Gestion de cookies en Internet Explorer<\/h5>\n<ul>\n<li>Comment \u00c9liminer des cookies:<\/li>\n<ol>\n<li>Aller \u00e0 des Outils (ic\u00f4ne de roue dentada) dans le menu de ton navigateur.<\/li>\n<li>Fais clic en des Propri\u00e9t\u00e9s d&rsquo;Internet.<\/li>\n<li>Dans le cil G\u00e9n\u00e9ral &#8211; Historial de navigation, fais clic en \u00c9liminer.<\/li>\n<li>Asegurate De marquer l&rsquo;option Cookies et donn\u00e9es d&rsquo;endroits web.<\/li>\n<li>Fais clic en \u00c9liminer.<\/li>\n<li>Fais clic en OK.<\/li>\n<\/ol>\n<li>Comment \u00c9viter que les cookies se stockent dans son navigateur web:<\/li>\n<ol>\n<li>Aller \u00e0 des Outils (ic\u00f4ne de roue dentada) dans le menu de ton navigateur.<\/li>\n<li>Fais clic en des Options d&rsquo;Internet et apr\u00e8s fais clic dans le cil Caract\u00e8re priv\u00e9.<\/li>\n<li>Il meut la barre deslizante au niveau souhait\u00e9. Si tu souhaites \u00e9viter que tous les cookies se stockent, il s\u00e9lectionne le niveau Bloquer tous les cookies.<\/li>\n<li>Fais clic en OK.<\/li>\n<\/ol>\n<\/ul>\n<h5>Gestion de cookies en Op\u00e8re<\/h5>\n<ul>\n<li>Comment \u00c9liminer des cookies:<\/li>\n<ol>\n<li>Aller \u00e0 Configuration dans le menu de ton navigateur.<\/li>\n<li>Il s\u00e9lectionne le cil de Caract\u00e8re priv\u00e9 et S\u00e9curit\u00e9.<\/li>\n<li>Fais clic en des Cookies et apr\u00e8s fais clic en Tous les cookies et des donn\u00e9es d&rsquo;endroits web.<\/li>\n<li>Il s\u00e9lectionne les cookies que tu souhaites \u00e9liminer et fais clic en \u00c9liminer. Fais clic en \u00c9liminer toutes si tu souhaites \u00e9liminer tous les cookies dans ton navigateur web.<\/li>\n<li>Fais clic en Fait.<\/li>\n<li>Il ferme la fen\u00eatre.<\/li>\n<\/ol>\n<li>Comment \u00c9viter que les cookies se stockent dans son navigateur web:<\/li>\n<ol>\n<li>Aller \u00e0 Configuration dans le menu de ton navigateur.<\/li>\n<li>Il s\u00e9lectionne le cil de Caract\u00e8re priv\u00e9 et S\u00e9curit\u00e9.<\/li>\n<p>En des Cookies, il s\u00e9lectionne ton option pr\u00e9f\u00e9r\u00e9e. Si tu souhaites \u00e9viter que tous les cookies se stockent, fais clic en Ne permettre qu&rsquo;ils se gardent des donn\u00e9es des endroits.<\/p>\n<li>Il ferme la fen\u00eatre.<\/li>\n<\/ol>\n<\/ul>\n<h5>Information de contact<\/h5>\n<p>Pour majeure transparence, si a quelque question relative \u00e0 l&rsquo;usage de l&#8217;emmagasinage local de notre endroit web, mettez-vous en contact avec nous en<span>\u00a0<\/span><strong>ADMIN@BARTALIPIZZA.COM<\/strong>, en indiquant dans le sujet \u00ab\u00a0Politique de cookies\u201d<\/p>\n<p>&nbsp;<\/p>\n<\/div>\n<\/div>\n<\/div>\n<\/div>\n<p><deepl-input-controller><\/deepl-input-controller><\/p>\n<div dir=\"ltr\">\n<div class=\"dl-input-translation-container svelte-95aucy\">\n<div><\/div>\n<\/div>\n<\/div>\n<p><scribe-shadow id=\"crxjs-ext\"><\/p>\n<div id=\"root-scribe-elem\">\n<div role=\"region\" aria-label=\"Notifications (F8)\" tabindex=\"-1\"><\/div>\n<\/div>\n<p><\/scribe-shadow><\/p>\n<p>&nbsp;<\/p>\n<p>[\/et_pb_text][\/et_pb_column][\/et_pb_row][\/et_pb_section]<\/p>\n","protected":false},"excerpt":{"rendered":"<p>Information G\u00e9n\u00e9rale des cookies La confiance de l&rsquo;utilisateur est importante pour nous, et par cons\u00e9quent, en\u00a0BARTALI PIZZA,S.L.\u00a0Il nous soucie prot\u00e9ger son caract\u00e8re priv\u00e9. Un aspect important de ceci est lui fournir toute l&rsquo;information possible sur comment nous utilisons tes donn\u00e9es de caract\u00e8re personnel, m\u00eame comment nous utilisons l&#8217;emmagasinage local de donn\u00e9es et technologie similaire L&#8217;emmagasinage [&hellip;]<\/p>\n","protected":false},"author":1,"featured_media":0,"parent":0,"menu_order":0,"comment_status":"closed","ping_status":"closed","template":"","meta":{"_et_pb_use_builder":"on","_et_pb_old_content":"","_et_gb_content_width":"","footnotes":""},"class_list":["post-1029","page","type-page","status-publish","hentry"],"yoast_head":"<!-- This site is optimized with the Yoast SEO plugin v26.5 - https:\/\/yoast.com\/wordpress\/plugins\/seo\/ -->\n<title>Politique de cookies - Bartali Pizza Co.<\/title>\n<meta name=\"robots\" content=\"index, follow, max-snippet:-1, max-image-preview:large, max-video-preview:-1\" \/>\n<link rel=\"canonical\" href=\"https:\/\/bartalipizza.com\/cookies-policy\/\" \/>\n<meta property=\"og:locale\" content=\"fr_FR\" \/>\n<meta property=\"og:type\" content=\"article\" \/>\n<meta property=\"og:title\" content=\"Politique de cookies - Bartali Pizza Co.\" \/>\n<meta property=\"og:description\" content=\"Information G\u00e9n\u00e9rale des cookies La confiance de l&#039;utilisateur est importante pour nous, et par cons\u00e9quent, en\u00a0BARTALI PIZZA,S.L.\u00a0Il nous soucie prot\u00e9ger son caract\u00e8re priv\u00e9. Un aspect important de ceci est lui fournir toute l&#039;information possible sur comment nous utilisons tes donn\u00e9es de caract\u00e8re personnel, m\u00eame comment nous utilisons l&#039;emmagasinage local de donn\u00e9es et technologie similaire L&#039;emmagasinage [&hellip;]\" \/>\n<meta property=\"og:url\" content=\"https:\/\/bartalipizza.com\/cookies-policy\/\" \/>\n<meta property=\"og:site_name\" content=\"Bartali Pizza Co.\" \/>\n<meta property=\"article:modified_time\" content=\"2024-10-09T10:20:25+00:00\" \/>\n<meta name=\"twitter:card\" content=\"summary_large_image\" \/>\n<meta name=\"twitter:label1\" content=\"Dur\u00e9e de lecture estim\u00e9e\" \/>\n\t<meta name=\"twitter:data1\" content=\"9 minutes\" \/>\n<script type=\"application\/ld+json\" class=\"yoast-schema-graph\">{\"@context\":\"https:\/\/schema.org\",\"@graph\":[{\"@type\":\"WebPage\",\"@id\":\"https:\/\/bartalipizza.com\/cookies-policy\/\",\"url\":\"https:\/\/bartalipizza.com\/cookies-policy\/\",\"name\":\"Politique de cookies - Bartali Pizza Co.\",\"isPartOf\":{\"@id\":\"https:\/\/bartalipizza.com\/es\/#website\"},\"datePublished\":\"2024-08-13T18:38:47+00:00\",\"dateModified\":\"2024-10-09T10:20:25+00:00\",\"breadcrumb\":{\"@id\":\"https:\/\/bartalipizza.com\/cookies-policy\/#breadcrumb\"},\"inLanguage\":\"fr-FR\",\"potentialAction\":[{\"@type\":\"ReadAction\",\"target\":[\"https:\/\/bartalipizza.com\/cookies-policy\/\"]}]},{\"@type\":\"BreadcrumbList\",\"@id\":\"https:\/\/bartalipizza.com\/cookies-policy\/#breadcrumb\",\"itemListElement\":[{\"@type\":\"ListItem\",\"position\":1,\"name\":\"Home\",\"item\":\"https:\/\/bartalipizza.com\/fr\/\"},{\"@type\":\"ListItem\",\"position\":2,\"name\":\"Politique de cookies\"}]},{\"@type\":\"WebSite\",\"@id\":\"https:\/\/bartalipizza.com\/es\/#website\",\"url\":\"https:\/\/bartalipizza.com\/es\/\",\"name\":\"Bartali Pizza Co.\",\"description\":\"\ud83c\udf55\",\"potentialAction\":[{\"@type\":\"SearchAction\",\"target\":{\"@type\":\"EntryPoint\",\"urlTemplate\":\"https:\/\/bartalipizza.com\/es\/?s={search_term_string}\"},\"query-input\":{\"@type\":\"PropertyValueSpecification\",\"valueRequired\":true,\"valueName\":\"search_term_string\"}}],\"inLanguage\":\"fr-FR\"}]}<\/script>\n<!-- \/ Yoast SEO plugin. -->","yoast_head_json":{"title":"Politique de cookies - Bartali Pizza Co.","robots":{"index":"index","follow":"follow","max-snippet":"max-snippet:-1","max-image-preview":"max-image-preview:large","max-video-preview":"max-video-preview:-1"},"canonical":"https:\/\/bartalipizza.com\/cookies-policy\/","og_locale":"fr_FR","og_type":"article","og_title":"Politique de cookies - Bartali Pizza Co.","og_description":"Information G\u00e9n\u00e9rale des cookies La confiance de l'utilisateur est importante pour nous, et par cons\u00e9quent, en\u00a0BARTALI PIZZA,S.L.\u00a0Il nous soucie prot\u00e9ger son caract\u00e8re priv\u00e9. Un aspect important de ceci est lui fournir toute l'information possible sur comment nous utilisons tes donn\u00e9es de caract\u00e8re personnel, m\u00eame comment nous utilisons l'emmagasinage local de donn\u00e9es et technologie similaire L'emmagasinage [&hellip;]","og_url":"https:\/\/bartalipizza.com\/cookies-policy\/","og_site_name":"Bartali Pizza Co.","article_modified_time":"2024-10-09T10:20:25+00:00","twitter_card":"summary_large_image","twitter_misc":{"Dur\u00e9e de lecture estim\u00e9e":"9 minutes"},"schema":{"@context":"https:\/\/schema.org","@graph":[{"@type":"WebPage","@id":"https:\/\/bartalipizza.com\/cookies-policy\/","url":"https:\/\/bartalipizza.com\/cookies-policy\/","name":"Politique de cookies - Bartali Pizza Co.","isPartOf":{"@id":"https:\/\/bartalipizza.com\/es\/#website"},"datePublished":"2024-08-13T18:38:47+00:00","dateModified":"2024-10-09T10:20:25+00:00","breadcrumb":{"@id":"https:\/\/bartalipizza.com\/cookies-policy\/#breadcrumb"},"inLanguage":"fr-FR","potentialAction":[{"@type":"ReadAction","target":["https:\/\/bartalipizza.com\/cookies-policy\/"]}]},{"@type":"BreadcrumbList","@id":"https:\/\/bartalipizza.com\/cookies-policy\/#breadcrumb","itemListElement":[{"@type":"ListItem","position":1,"name":"Home","item":"https:\/\/bartalipizza.com\/fr\/"},{"@type":"ListItem","position":2,"name":"Politique de cookies"}]},{"@type":"WebSite","@id":"https:\/\/bartalipizza.com\/es\/#website","url":"https:\/\/bartalipizza.com\/es\/","name":"Bartali Pizza Co.","description":"\ud83c\udf55","potentialAction":[{"@type":"SearchAction","target":{"@type":"EntryPoint","urlTemplate":"https:\/\/bartalipizza.com\/es\/?s={search_term_string}"},"query-input":{"@type":"PropertyValueSpecification","valueRequired":true,"valueName":"search_term_string"}}],"inLanguage":"fr-FR"}]}},"_links":{"self":[{"href":"https:\/\/bartalipizza.com\/fr\/wp-json\/wp\/v2\/pages\/1029","targetHints":{"allow":["GET"]}}],"collection":[{"href":"https:\/\/bartalipizza.com\/fr\/wp-json\/wp\/v2\/pages"}],"about":[{"href":"https:\/\/bartalipizza.com\/fr\/wp-json\/wp\/v2\/types\/page"}],"author":[{"embeddable":true,"href":"https:\/\/bartalipizza.com\/fr\/wp-json\/wp\/v2\/users\/1"}],"replies":[{"embeddable":true,"href":"https:\/\/bartalipizza.com\/fr\/wp-json\/wp\/v2\/comments?post=1029"}],"version-history":[{"count":2,"href":"https:\/\/bartalipizza.com\/fr\/wp-json\/wp\/v2\/pages\/1029\/revisions"}],"predecessor-version":[{"id":1031,"href":"https:\/\/bartalipizza.com\/fr\/wp-json\/wp\/v2\/pages\/1029\/revisions\/1031"}],"wp:attachment":[{"href":"https:\/\/bartalipizza.com\/fr\/wp-json\/wp\/v2\/media?parent=1029"}],"curies":[{"name":"wp","href":"https:\/\/api.w.org\/{rel}","templated":true}]}}