{"id":1715,"date":"2024-08-13T20:27:35","date_gmt":"2024-08-13T18:27:35","guid":{"rendered":"https:\/\/bartalipizza.com\/politica-de-privacidad\/"},"modified":"2025-07-14T16:56:30","modified_gmt":"2025-07-14T14:56:30","slug":"politica-de-privacidad","status":"publish","type":"page","link":"https:\/\/bartalipizza.com\/es\/politica-de-privacidad\/","title":{"rendered":"Politica de Privacidad"},"content":{"rendered":"<p>[et_pb_section fb_built=\u00bb1&#8243; _builder_version=\u00bb4.27.0&#8243; _module_preset=\u00bbdefault\u00bb da_disable_devices=\u00bboff|off|off\u00bb global_colors_info=\u00bb{}\u00bb da_is_popup=\u00bboff\u00bb da_exit_intent=\u00bboff\u00bb da_has_close=\u00bbon\u00bb da_alt_close=\u00bboff\u00bb da_dark_close=\u00bboff\u00bb da_not_modal=\u00bbon\u00bb da_is_singular=\u00bboff\u00bb da_with_loader=\u00bboff\u00bb da_has_shadow=\u00bbon\u00bb][et_pb_row _builder_version=\u00bb4.27.0&#8243; _module_preset=\u00bbdefault\u00bb global_colors_info=\u00bb{}\u00bb][et_pb_column type=\u00bb4_4&#8243; _builder_version=\u00bb4.27.0&#8243; _module_preset=\u00bbdefault\u00bb global_colors_info=\u00bb{}\u00bb][et_pb_text _builder_version=\u00bb4.27.4&#8243; _module_preset=\u00bbdefault\u00bb hover_enabled=\u00bb0&#8243; global_colors_info=\u00bb{}\u00bb sticky_enabled=\u00bb0&#8243;]<\/p>\n<div id=\"formulario_datos\">\n<div class=\"widget-body\">\n<div class=\"widget-body row\">\n<div class=\"input-icon-text input-group col-xs-12 col-sm-12 pull-left \">\n<h4>Informaci\u00f3 sobre Protecci\u00f3 de Dades<\/h4>\n<ol>\n<li style=\"list-style-type: none;\">\n<ol>\n<li><strong>Dades relatives al Responsable<\/strong><\/li>\n<\/ol>\n<\/li>\n<\/ol>\n<p><b>Responsable Tractament<\/b><\/p>\n<ol>\n<li style=\"list-style-type: none;\">\n<ol>\u00a0\u00a0&#8211; Entitat: BARTALI PIZZA,S.L.<\/ol>\n<\/li>\n<\/ol>\n<ol>\n<li style=\"list-style-type: none;\">\n<ol>\u00a0\u00a0&#8211; #CIF de l&#8217;entitat: B42911214<\/ol>\n<\/li>\n<\/ol>\n<ol>\n<li style=\"list-style-type: none;\">\n<ol>\u00a0\u00a0&#8211; Direccion de l&#8217;entitat: CARRER NOU DEL TEATRE, 3 &#8211; (17004) GIRONA<\/ol>\n<\/li>\n<\/ol>\n<ol>\n<li style=\"list-style-type: none;\">\n<ol>\u00a0\u00a0&#8211; Email de l&#8217;entitat: HOLA@BARTALIPIZZA.COM<\/ol>\n<\/li>\n<\/ol>\n<ol>\n<li style=\"list-style-type: none;\">\n<ol>\u00a0\u00a0&#8211; Responsable del tractament : JACOB VILA PAU<\/ol>\n<\/li>\n<\/ol>\n<ol>\n<li style=\"list-style-type: none;\">\n<ol>\u00a0\u00a0&#8211; Tel\u00e8fon del Responsable del tractament: 972 210 991<\/ol>\n<\/li>\n<\/ol>\n<ol>\n<li style=\"list-style-type: none;\">\n<ol>\u00a0\u00a0&#8211; Direcci\u00f3 email del Responsable del tractament : HOLA@BARTALIPIZZA.COM<\/ol>\n<\/li>\n<\/ol>\n<p>&nbsp;<\/p>\n<p><strong style=\"font-size: 14px;\">2. Finalitats<\/strong><\/p>\n<p>En compliment del que es disposa en el Reglament Europeu 2016\/679 General de Protecci\u00f3 de Dades i la Llei org\u00e0nica 3\/2018 de Protecci\u00f3 de Dades Personals i Garantia de Drets Digitals, l&#8217;informem que, depenent de la relaci\u00f3 que tingui amb nosaltres, en\u00a0<strong>BARTALI PIZZA,S.L.<\/strong>\u00a0tractem les dades que ens facilita per a alguna, o totes, les seg\u00fcents finalitats:<\/p>\n<ul>\n<li style=\"list-style-type: none;\">\n<ul>\n<li style=\"list-style-type: none;\">\n<ul>\n<li>Consulta online<\/li>\n<li>Enviament d&#8217;informaci\u00f3 comercial de l&#8217;entitat mitjan\u00e7ant correu postal, correu electr\u00f2nic o uns altres<\/li>\n<li>Informaci\u00f3 procedent de Cookies<\/li>\n<li>Reserves<\/li>\n<\/ul>\n<\/li>\n<\/ul>\n<\/li>\n<\/ul>\n<p>&nbsp;<\/p>\n<p><strong>3. Termini de conservaci\u00f3 de les dades<\/strong><\/p>\n<p>&nbsp;<\/p>\n<p>Les seves dades seran conservades per un termini d&#8217;indefinit. En el cas que requereixi la seva eliminaci\u00f3 de forma anticipada, sol\u00b7liciti&#8217;l mitjan\u00e7ant l&#8217;exercici del dret de supressi\u00f3. Aix\u00ed mateix, les dades que per motius legals hagin de ser emmagatzemats durant un temps necessari per a complir normes espec\u00edfiques, seran bloquejats i \u00fanicament estaran a la disposici\u00f3 de l&#8217;autoritat p\u00fablica corresponent.<\/p>\n<p>&nbsp;<\/p>\n<p><strong>4. Legitimaci\u00f3<\/strong><\/p>\n<p>La base legal per al tractament de les teves dades radica per:<\/p>\n<ol>\n<li style=\"list-style-type: none;\">\n<ol>\n<li style=\"list-style-type: none;\">\n<ul>\n<li>Consentiment inequ\u00edvoc<\/li>\n<\/ul>\n<\/li>\n<\/ol>\n<\/li>\n<\/ol>\n<p>&nbsp;<\/p>\n<p><strong>5. Destinataris<\/strong><\/p>\n<p>Les seves dades personals seran comunicats a tercers en els seg\u00fcents suposats:<\/p>\n<ol>\n<li style=\"list-style-type: none;\">\n<ol>\n<li style=\"list-style-type: none;\">\n<ul>\n<li>No comparteixo les dades amb tercers.<\/li>\n<\/ul>\n<\/li>\n<\/ol>\n<\/li>\n<\/ol>\n<p>&nbsp;<\/p>\n<p><strong>6. Drets<\/strong><\/p>\n<p>T\u00e9 dret a obtenir confirmaci\u00f3 sobre si en\u00a0<strong>BARTALI PIZZA,S.L.<\/strong>\u00a0estem tractant dades personals que el concerneixin, o no.<\/p>\n<p>Aix\u00ed mateix, t\u00e9 dret d&#8217;acc\u00e9s a les seves dades personals, aix\u00ed com a sol\u00b7licitar la\u00a0<em>rectificaci\u00f3<\/em>\u00a0de les dades inexactes o, en el seu cas, sol\u00b7licitar la seva\u00a0<em>supressi\u00f3<\/em>\u00a0quan, entre altres motius, les dades ja no siguin necessaris per a les finalitats que van ser recollits.<\/p>\n<p>En determinades circumst\u00e0ncies, podr\u00e0 sol\u00b7licitar la\u00a0<em>limitaci\u00f3 del tractament<\/em>\u00a0de les seves dades, i en aquest cas \u00fanicament els conservarem per a l&#8217;exercici o la defensa de reclamacions.<\/p>\n<p>Addicionalment, en determinades circumst\u00e0ncies i per motius relacionats amb la teva situaci\u00f3 particular, podr\u00e0 exercir el dret d&#8217;oposici\u00f3\u00a0\u00a0al tractament de les seves dades.\u00a0<strong>BARTALI PIZZA,S.L.<\/strong>\u00a0deixar\u00e0 de tractar les dades, excepte per motius leg\u00edtims imperiosos, o l&#8217;exercici o la defensa de possibles reclamacions.<\/p>\n<p>Aix\u00ed mateix, pot exercir el dret a la\u00a0<em>portabilitat<\/em>\u00a0de les dades, aix\u00ed com retirar els consentiments facilitats en qualsevol moment, sense que aix\u00f2 afecti la licitud del tractament basat en el consentiment previ a la seva retirada.<\/p>\n<p>Si desitja fer \u00fas de qualsevol dels teus drets pot realitzar-los a trav\u00e9s dels enlla\u00e7os habilitats que trobar\u00e0 a continuaci\u00f3:<\/p>\n<ol>\n<li style=\"list-style-type: none;\">\n<ol>\n<li style=\"list-style-type: none;\">\n<ul>\n<li>Per a exercir el seu dret d&#8217;Acc\u00e9s\u00a0\u00a0faci clic\u00a0<a href=\"https:\/\/intranet.laboralrgpd.com\/webApp\/clientes_derechos\/derechos-formulario.php?id_cliente=bUdKTDBwSVBLQldqaE9zQXFVRG5QQT09\" target=\"_blank\" rel=\"noopener\">aqu\u00ed<\/a><\/li>\n<li>Per a exercir el seu dret de\u00a0<strong>Rectificaci\u00f3<\/strong>\u00a0faci clic\u00a0<a href=\"https:\/\/intranet.laboralrgpd.com\/webApp\/clientes_derechos\/derechos-formulario.php?id_cliente=bUdKTDBwSVBLQldqaE9zQXFVRG5QQT09\" target=\"_blank\" rel=\"noopener\">aqu\u00ed<\/a><\/li>\n<li>Per a exercir el seu dret de\u00a0<strong>Supressi\u00f3 (Oblit)<\/strong>\u00a0faci clic\u00a0<a href=\"https:\/\/intranet.laboralrgpd.com\/webApp\/clientes_derechos\/derechos-formulario.php?id_cliente=bUdKTDBwSVBLQldqaE9zQXFVRG5QQT09\" target=\"_blank\" rel=\"noopener\">aqu\u00ed<\/a><\/li>\n<li>Per a exercir el seu dret de\u00a0<strong>Limitaci\u00f3 del Tractament<\/strong>\u00a0faci clic\u00a0<a href=\"https:\/\/intranet.laboralrgpd.com\/webApp\/clientes_derechos\/derechos-formulario.php?id_cliente=bUdKTDBwSVBLQldqaE9zQXFVRG5QQT09\" target=\"_blank\" rel=\"noopener\">aqu\u00ed<\/a><\/li>\n<li>Per a exercir el seu dret d&#8217;Oposici\u00f3\u00a0\u00a0faci clic\u00a0<a href=\"https:\/\/intranet.laboralrgpd.com\/webApp\/clientes_derechos\/derechos-formulario.php?id_cliente=bUdKTDBwSVBLQldqaE9zQXFVRG5QQT09\" target=\"_blank\" rel=\"noopener\">aqu\u00ed<\/a><\/li>\n<li>Per a exercir el seu dret de\u00a0<strong>Portabilitat<\/strong>\u00a0faci clic\u00a0<a href=\"https:\/\/intranet.laboralrgpd.com\/webApp\/clientes_derechos\/derechos-formulario.php?id_cliente=bUdKTDBwSVBLQldqaE9zQXFVRG5QQT09\" target=\"_blank\" rel=\"noopener\">aqu\u00ed<\/a><\/li>\n<\/ul>\n<\/li>\n<\/ol>\n<\/li>\n<\/ol>\n<p>Alternativament, tamb\u00e9 pot #dirigir a nosaltres mitjan\u00e7ant correu postal a la seg\u00fcent adre\u00e7a:\u00a0<strong>CARRER NOU DEL TEATRE, 3 &#8211; (17004) GIRONA<\/strong>\u00a0adjuntat una fotoc\u00f2pia del #DNI, per a la certesa de la seva identitat. Recordi facilitar la major informaci\u00f3 possible sobre la seva sol\u00b7licitud: Nom i cognoms, adre\u00e7a de correu electr\u00f2nic que utilitza per al compte o portal objecte de la teva sol\u00b7licitud.<\/p>\n<p>Finalment, l&#8217;informem que pot #dirigir davant l&#8217;Ag\u00e8ncia Espanyola de Protecci\u00f3 de Dades i altres organismes p\u00fablics competents per a qualsevol reclamaci\u00f3 derivada del tractament de les teves dades personals.<\/p>\n<p>&nbsp;<\/p>\n<p><strong>7. Pol\u00edtica de cookies<\/strong><\/p>\n<p>Per a con\u00e8ixer les cookies que utilitzem en la nostra p\u00e0gina, recordi que pot accedir a la nostra Pol\u00edtica de Cookies a trav\u00e9s del seg\u00fcent enllaci\u00a0<a href=\"politica-de-cookies\" target=\"_blank\" rel=\"noopener\">pol\u00edtica de cookies<\/a>.<\/p>\n<\/div>\n<p>&nbsp;<\/p>\n<\/div>\n<p>&nbsp;<\/p>\n<\/div>\n<p>&nbsp;<\/p>\n<\/div>\n<p>&nbsp;<\/p>\n<p>&nbsp;<\/p>\n<p>&nbsp;<\/p>\n<div dir=\"ltr\">\n<div class=\"dl-input-translation-container svelte-95aucy\">\n<div><\/div>\n<p>&nbsp;<\/p>\n<\/div>\n<p>&nbsp;<\/p>\n<\/div>\n<p>&nbsp;<\/p>\n<p>&nbsp;<\/p>\n<p>&nbsp;<\/p>\n<div id=\"root-scribe-elem\">\n<div role=\"region\" aria-label=\"Notifications (F8)\" tabindex=\"-1\"><\/div>\n<p>&nbsp;<\/p>\n<\/div>\n<p>&nbsp;<\/p>\n<p>&nbsp;<\/p>\n<p>&nbsp;<\/p>\n<p>&nbsp;<\/p>\n<p>&nbsp;<\/p>\n<p>&nbsp;[\/et_pb_text][\/et_pb_column][\/et_pb_row][\/et_pb_section]<\/p>\n","protected":false},"excerpt":{"rendered":"<p>Informaci\u00f3 sobre Protecci\u00f3 de Dades Dades relatives al Responsable Responsable Tractament \u00a0\u00a0&#8211; Entitat: BARTALI PIZZA,S.L. \u00a0\u00a0&#8211; #CIF de l&#8217;entitat: B42911214 \u00a0\u00a0&#8211; Direccion de l&#8217;entitat: CARRER NOU DEL TEATRE, 3 &#8211; (17004) GIRONA \u00a0\u00a0&#8211; Email de l&#8217;entitat: HOLA@BARTALIPIZZA.COM \u00a0\u00a0&#8211; Responsable del tractament : JACOB VILA PAU \u00a0\u00a0&#8211; Tel\u00e8fon del Responsable del tractament: 972 210 991 \u00a0\u00a0&#8211; [&hellip;]<\/p>\n","protected":false},"author":1,"featured_media":0,"parent":0,"menu_order":0,"comment_status":"closed","ping_status":"closed","template":"","meta":{"_et_pb_use_builder":"on","_et_pb_old_content":"","_et_gb_content_width":"","footnotes":""},"class_list":["post-1715","page","type-page","status-publish","hentry"],"yoast_head":"<!-- This site is optimized with the Yoast SEO plugin v26.5 - https:\/\/yoast.com\/wordpress\/plugins\/seo\/ -->\n<title>Politica de Privacidad - Bartali Pizza Co.<\/title>\n<meta name=\"robots\" content=\"index, follow, max-snippet:-1, max-image-preview:large, max-video-preview:-1\" \/>\n<link rel=\"canonical\" href=\"https:\/\/bartalipizza.com\/es\/politica-de-privacidad\/\" \/>\n<meta property=\"og:locale\" content=\"es_ES\" \/>\n<meta property=\"og:type\" content=\"article\" \/>\n<meta property=\"og:title\" content=\"Politica de Privacidad - Bartali Pizza Co.\" \/>\n<meta property=\"og:description\" content=\"Informaci\u00f3 sobre Protecci\u00f3 de Dades Dades relatives al Responsable Responsable Tractament \u00a0\u00a0- Entitat: BARTALI PIZZA,S.L. \u00a0\u00a0- #CIF de l&#039;entitat: B42911214 \u00a0\u00a0- Direccion de l&#039;entitat: CARRER NOU DEL TEATRE, 3 - (17004) GIRONA \u00a0\u00a0- Email de l&#039;entitat: HOLA@BARTALIPIZZA.COM \u00a0\u00a0- Responsable del tractament : JACOB VILA PAU \u00a0\u00a0- Tel\u00e8fon del Responsable del tractament: 972 210 991 \u00a0\u00a0- [&hellip;]\" \/>\n<meta property=\"og:url\" content=\"https:\/\/bartalipizza.com\/es\/politica-de-privacidad\/\" \/>\n<meta property=\"og:site_name\" content=\"Bartali Pizza Co.\" \/>\n<meta property=\"article:modified_time\" content=\"2025-07-14T14:56:30+00:00\" \/>\n<meta name=\"twitter:card\" content=\"summary_large_image\" \/>\n<meta name=\"twitter:label1\" content=\"Tiempo de lectura\" \/>\n\t<meta name=\"twitter:data1\" content=\"4 minutos\" \/>\n<script type=\"application\/ld+json\" class=\"yoast-schema-graph\">{\"@context\":\"https:\/\/schema.org\",\"@graph\":[{\"@type\":\"WebPage\",\"@id\":\"https:\/\/bartalipizza.com\/es\/politica-de-privacidad\/\",\"url\":\"https:\/\/bartalipizza.com\/es\/politica-de-privacidad\/\",\"name\":\"Politica de Privacidad - Bartali Pizza Co.\",\"isPartOf\":{\"@id\":\"https:\/\/bartalipizza.com\/es\/#website\"},\"datePublished\":\"2024-08-13T18:27:35+00:00\",\"dateModified\":\"2025-07-14T14:56:30+00:00\",\"breadcrumb\":{\"@id\":\"https:\/\/bartalipizza.com\/es\/politica-de-privacidad\/#breadcrumb\"},\"inLanguage\":\"es\",\"potentialAction\":[{\"@type\":\"ReadAction\",\"target\":[\"https:\/\/bartalipizza.com\/es\/politica-de-privacidad\/\"]}]},{\"@type\":\"BreadcrumbList\",\"@id\":\"https:\/\/bartalipizza.com\/es\/politica-de-privacidad\/#breadcrumb\",\"itemListElement\":[{\"@type\":\"ListItem\",\"position\":1,\"name\":\"Home\",\"item\":\"https:\/\/bartalipizza.com\/es\/\"},{\"@type\":\"ListItem\",\"position\":2,\"name\":\"Politica de Privacidad\"}]},{\"@type\":\"WebSite\",\"@id\":\"https:\/\/bartalipizza.com\/es\/#website\",\"url\":\"https:\/\/bartalipizza.com\/es\/\",\"name\":\"Bartali Pizza Co.\",\"description\":\"\ud83c\udf55\",\"potentialAction\":[{\"@type\":\"SearchAction\",\"target\":{\"@type\":\"EntryPoint\",\"urlTemplate\":\"https:\/\/bartalipizza.com\/es\/?s={search_term_string}\"},\"query-input\":{\"@type\":\"PropertyValueSpecification\",\"valueRequired\":true,\"valueName\":\"search_term_string\"}}],\"inLanguage\":\"es\"}]}<\/script>\n<!-- \/ Yoast SEO plugin. -->","yoast_head_json":{"title":"Politica de Privacidad - Bartali Pizza Co.","robots":{"index":"index","follow":"follow","max-snippet":"max-snippet:-1","max-image-preview":"max-image-preview:large","max-video-preview":"max-video-preview:-1"},"canonical":"https:\/\/bartalipizza.com\/es\/politica-de-privacidad\/","og_locale":"es_ES","og_type":"article","og_title":"Politica de Privacidad - Bartali Pizza Co.","og_description":"Informaci\u00f3 sobre Protecci\u00f3 de Dades Dades relatives al Responsable Responsable Tractament \u00a0\u00a0- Entitat: BARTALI PIZZA,S.L. \u00a0\u00a0- #CIF de l'entitat: B42911214 \u00a0\u00a0- Direccion de l'entitat: CARRER NOU DEL TEATRE, 3 - (17004) GIRONA \u00a0\u00a0- Email de l'entitat: HOLA@BARTALIPIZZA.COM \u00a0\u00a0- Responsable del tractament : JACOB VILA PAU \u00a0\u00a0- Tel\u00e8fon del Responsable del tractament: 972 210 991 \u00a0\u00a0- [&hellip;]","og_url":"https:\/\/bartalipizza.com\/es\/politica-de-privacidad\/","og_site_name":"Bartali Pizza Co.","article_modified_time":"2025-07-14T14:56:30+00:00","twitter_card":"summary_large_image","twitter_misc":{"Tiempo de lectura":"4 minutos"},"schema":{"@context":"https:\/\/schema.org","@graph":[{"@type":"WebPage","@id":"https:\/\/bartalipizza.com\/es\/politica-de-privacidad\/","url":"https:\/\/bartalipizza.com\/es\/politica-de-privacidad\/","name":"Politica de Privacidad - Bartali Pizza Co.","isPartOf":{"@id":"https:\/\/bartalipizza.com\/es\/#website"},"datePublished":"2024-08-13T18:27:35+00:00","dateModified":"2025-07-14T14:56:30+00:00","breadcrumb":{"@id":"https:\/\/bartalipizza.com\/es\/politica-de-privacidad\/#breadcrumb"},"inLanguage":"es","potentialAction":[{"@type":"ReadAction","target":["https:\/\/bartalipizza.com\/es\/politica-de-privacidad\/"]}]},{"@type":"BreadcrumbList","@id":"https:\/\/bartalipizza.com\/es\/politica-de-privacidad\/#breadcrumb","itemListElement":[{"@type":"ListItem","position":1,"name":"Home","item":"https:\/\/bartalipizza.com\/es\/"},{"@type":"ListItem","position":2,"name":"Politica de Privacidad"}]},{"@type":"WebSite","@id":"https:\/\/bartalipizza.com\/es\/#website","url":"https:\/\/bartalipizza.com\/es\/","name":"Bartali Pizza Co.","description":"\ud83c\udf55","potentialAction":[{"@type":"SearchAction","target":{"@type":"EntryPoint","urlTemplate":"https:\/\/bartalipizza.com\/es\/?s={search_term_string}"},"query-input":{"@type":"PropertyValueSpecification","valueRequired":true,"valueName":"search_term_string"}}],"inLanguage":"es"}]}},"_links":{"self":[{"href":"https:\/\/bartalipizza.com\/es\/wp-json\/wp\/v2\/pages\/1715","targetHints":{"allow":["GET"]}}],"collection":[{"href":"https:\/\/bartalipizza.com\/es\/wp-json\/wp\/v2\/pages"}],"about":[{"href":"https:\/\/bartalipizza.com\/es\/wp-json\/wp\/v2\/types\/page"}],"author":[{"embeddable":true,"href":"https:\/\/bartalipizza.com\/es\/wp-json\/wp\/v2\/users\/1"}],"replies":[{"embeddable":true,"href":"https:\/\/bartalipizza.com\/es\/wp-json\/wp\/v2\/comments?post=1715"}],"version-history":[{"count":4,"href":"https:\/\/bartalipizza.com\/es\/wp-json\/wp\/v2\/pages\/1715\/revisions"}],"predecessor-version":[{"id":1727,"href":"https:\/\/bartalipizza.com\/es\/wp-json\/wp\/v2\/pages\/1715\/revisions\/1727"}],"wp:attachment":[{"href":"https:\/\/bartalipizza.com\/es\/wp-json\/wp\/v2\/media?parent=1715"}],"curies":[{"name":"wp","href":"https:\/\/api.w.org\/{rel}","templated":true}]}}